{"id":874,"date":"2020-05-31T03:00:00","date_gmt":"2020-05-31T03:00:00","guid":{"rendered":"https:\/\/www.bettingtop10.com\/vi\/188bet-2\/"},"modified":"2025-10-16T13:56:20","modified_gmt":"2025-10-16T06:56:20","slug":"bk8","status":"publish","type":"page","link":"https:\/\/www.bettingtop10.com\/vi\/bk8\/","title":{"rendered":"BK8: Link V\u00e0o Trang Nh\u00e0 C\u00e1i BK8 M\u1edbi Nh\u1ea5t Cho Ng\u01b0\u1eddi Ch\u01a1i"},"content":{"rendered":"\n<div class=\"wp-block-columns are-vertically-aligned-center hidebk8 is-layout-flex wp-container-core-columns-is-layout-9d6595d7 wp-block-columns-is-layout-flex\">\n<div class=\"wp-block-column is-vertically-aligned-center is-layout-flow wp-block-column-is-layout-flow\">\n<h2 class=\"wp-block-heading has-text-align-center\">LINK V\u00c0O BK8<\/h2>\n\n\n\n<div class=\"wp-block-buttons is-horizontal is-content-justification-center is-layout-flex wp-container-core-buttons-is-layout-499968f5 wp-block-buttons-is-layout-flex\">\n<div class=\"wp-block-button is-style-outline is-style-outline--1\"><a class=\"wp-block-button__link has-white-color has-text-color has-background has-link-color wp-element-button\" href=\"https:\/\/butterflytrixagency.co.uk\/?I=4f4335774e5632507a2b42485072547974344b5471773d3d\" style=\"background-color:#f12428\" target=\"_blank\" rel=\"noreferrer noopener nofollow\"><strong>BK8 Link 1<\/strong><\/a><\/div>\n\n\n\n<div class=\"wp-block-button is-style-outline is-style-outline--2\"><a class=\"wp-block-button__link has-white-color has-text-color has-background has-link-color wp-element-button\" href=\"https:\/\/butterflytrixagency.co.uk\/?I=4f4335774e5632507a2b42485072547974344b5471773d3d\" style=\"background-color:#f12428\" target=\"_blank\" rel=\"noreferrer noopener nofollow\"><strong>BK8 Link 2<\/strong><\/a><\/div>\n\n\n\n<div class=\"wp-block-button is-style-outline is-style-outline--3\"><a class=\"wp-block-button__link has-white-color has-text-color has-background has-link-color wp-element-button\" href=\"https:\/\/butterflytrixagency.co.uk\/?I=4f4335774e5632507a2b42485072547974344b5471773d3d\" style=\"background-color:#f12428\" target=\"_blank\" rel=\"noreferrer noopener nofollow\"><strong>BK8 Link 3<\/strong><\/a><\/div>\n<\/div>\n<\/div>\n\n\n\n<div class=\"wp-block-column is-vertically-aligned-center is-layout-flow wp-block-column-is-layout-flow\">\n<h2 class=\"wp-block-heading has-text-align-center\">BK8<\/h2>\n\n\n<div class=\"wp-block-image\">\n<figure class=\"aligncenter size-full is-resized\"><a href=\"https:\/\/butterflytrixagency.co.uk\/?I=4f4335774e5632507a2b42485072547974344b5471773d3d\"><img decoding=\"async\" width=\"150\" height=\"150\" src=\"https:\/\/www.bettingtop10.com\/vi\/wp-content\/uploads\/2025\/03\/BK8-150x150-1.png\" alt=\"\" class=\"wp-image-3053\" style=\"width:116px;height:auto\"\/><\/a><\/figure><\/div>\n\n\n<p class=\"has-text-align-center\">\u2b50\u2b50\u2b50\u2b50\u2b50<\/p>\n<\/div>\n<\/div>\n\n\n\n<div class=\"wp-block-columns is-layout-flex wp-container-core-columns-is-layout-9d6595d7 wp-block-columns-is-layout-flex\">\n<div class=\"wp-block-column is-layout-flow wp-block-column-is-layout-flow\">\n<div class=\"wp-block-group\"><div class=\"wp-block-group__inner-container is-layout-constrained wp-block-group-is-layout-constrained\">\n<p class=\"has-text-align-center has-white-color has-nv-dark-bg-background-color has-text-color has-background has-link-color wp-elements-3b6466b7c947da477d874108ba79a5be\"><strong>\u01afu \u0111i\u1ec3m<\/strong>:<\/p>\n\n\n\n<ul class=\"wp-block-list\">\n<li>Nh\u00e0 c\u00e1i c\u00e1 c\u01b0\u1ee3c h\u1ee3p ph\u00e1p v\u00e0 c\u00f3 th\u01b0\u01a1ng hi\u1ec7u<\/li>\n\n\n\n<li>Giao di\u1ec7n thi\u1ebft k\u1ebf hi\u1ec7n \u0111\u1ea1i, d\u1ec5 s\u1eed d\u1ee5ng<\/li>\n\n\n\n<li>\u0110a d\u1ea1ng ch\u01b0\u01a1ng tr\u00ecnh khuy\u1ebfn m\u00e3i<\/li>\n\n\n\n<li>T\u1ef7 l\u1ec7 k\u00e8o c\u01b0\u1ee3c phong ph\u00fa<\/li>\n<\/ul>\n<\/div><\/div>\n<\/div>\n\n\n\n<div class=\"wp-block-column is-layout-flow wp-block-column-is-layout-flow\">\n<div class=\"wp-block-group\"><div class=\"wp-block-group__inner-container is-layout-constrained wp-block-group-is-layout-constrained\">\n<p class=\"has-text-align-center has-white-color has-nv-dark-bg-background-color has-text-color has-background has-link-color wp-elements-059e2d7f0c9c564cde82f2cc2f4de283\"><strong>Nh\u01b0\u1ee3c \u0111i\u1ec3m<\/strong>:<\/p>\n\n\n\n<ul class=\"wp-block-list\">\n<li>Ch\u01b0a c\u00f3 s\u1ed1 hotline<\/li>\n<\/ul>\n<\/div><\/div>\n<\/div>\n<\/div>\n\n\n\n<p>BK8 l\u00e0 <a href=\"https:\/\/www.bettingtop10.com\/vi\/\">nh\u00e0 c\u00e1i uy t\u00edn nh\u1ea5t hi\u1ec7n nay<\/a> v\u1edbi th\u01b0\u01a1ng hi\u1ec7u n\u1ed5i ti\u1ebfng trong l\u0129nh v\u1ef1c c\u00e1 c\u01b0\u1ee3c h\u1ee3p ph\u00e1p. D\u00f9 m\u1edbi xu\u1ea5t hi\u1ec7n t\u1ea1i Vi\u1ec7t Nam, BK8 \u0111\u00e3 thu h\u00fat h\u00e0ng tr\u0103m ngh\u00ecn th\u00e0nh vi\u00ean nh\u1edd s\u1ef1 \u0111\u1ea7u t\u01b0 b\u00e0i b\u1ea3n, mang l\u1ea1i tr\u1ea3i nghi\u1ec7m \u0111\u1eb3ng c\u1ea5p. C\u00e1c s\u1ea3n ph\u1ea9m n\u1ed5i b\u1eadt bao g\u1ed3m c\u00e1 c\u01b0\u1ee3c th\u1ec3 thao, s\u00f2ng b\u00e0i, n\u1ed5 h\u0169, x\u1ed5 s\u1ed1, v\u00e0 b\u1eafn c\u00e1.<\/p>\n\n\n\n<h2 class=\"wp-block-heading\">T\u1ed5ng quan v\u1ec1 nh\u00e0 c\u00e1i BK8<\/h2>\n\n\n\n<p>Th\u00e0nh l\u1eadp n\u0103m 2015 t\u1ea1i Malta, BK8 ho\u1ea1t \u0111\u1ed9ng h\u1ee3p ph\u00e1p v\u1edbi gi\u1ea5y ph\u00e9p t\u1eeb GCB. Ch\u1ec9 trong v\u00e0i n\u0103m, BK8 \u0111\u00e3 \u0111\u1ea1t nhi\u1ec1u c\u1ed9t m\u1ed1c \u1ea5n t\u01b0\u1ee3ng, t\u1eeb h\u1ee3p t\u00e1c v\u1edbi Evolution Gaming, IM E-Sports \u0111\u1ebfn tr\u1edf th\u00e0nh \u0111\u1ed1i t\u00e1c ch\u00ednh th\u1ee9c c\u1ee7a La Liga. N\u0103m 2023, BK8 k\u00fd h\u1ee3p \u0111\u1ed3ng th\u01b0\u01a1ng hi\u1ec7u v\u1edbi huy\u1ec1n tho\u1ea1i quy\u1ec1n anh Manny Pacquiao.<\/p>\n\n\n\n<p>Hi\u1ec7n t\u1ea1i, BK8 \u0111ang l\u00e0 nh\u00e0 t\u00e0i tr\u1ee3 c\u1ee7a c\u00e1c th\u01b0\u01a1ng hi\u1ec7u n\u1ed5i ti\u1ebfng nh\u01b0 CLB Burnley, BWF v\u00e0 m\u1edbi g\u1ea7n \u0111\u00e2y, nh\u00e0 c\u00e1i \u0111\u00e3 k\u00fd k\u1ebft th\u00e0nh c\u00f4ng h\u1ee3p \u0111\u1ed3ng t\u00e0i tr\u1ee3 cho \u0111\u1ed9i tuy\u1ec3n <strong>Gresini Racing MotoGP<\/strong> m\u00f9a gi\u1ea3i 2025\/26.<\/p>\n\n\n\n<h2 class=\"wp-block-heading\">\u01afu \u0111i\u1ec3m n\u1ed5i b\u1eadt<\/h2>\n\n\n\n<ul class=\"wp-block-list\">\n<li><strong>Giao di\u1ec7n hi\u1ec7n \u0111\u1ea1i:<\/strong> Thi\u1ebft k\u1ebf \u0111\u1eb9p m\u1eaft, t\u1ed1i \u01b0u h\u00f3a tr\u1ea3i nghi\u1ec7m tr\u00ean c\u1ea3 m\u00e1y t\u00ednh v\u00e0 di \u0111\u1ed9ng.<\/li>\n\n\n\n<li><strong>B\u1ea3o m\u1eadt cao:<\/strong> \u00c1p d\u1ee5ng m\u00e3 h\u00f3a \u0111a l\u1edbp, \u0111\u1ea3m b\u1ea3o th\u00f4ng tin ng\u01b0\u1eddi ch\u01a1i an to\u00e0n tuy\u1ec7t \u0111\u1ed1i.<\/li>\n\n\n\n<li><strong>Giao d\u1ecbch nhanh ch\u00f3ng:<\/strong> H\u1ed7 tr\u1ee3 \u0111a d\u1ea1ng ph\u01b0\u01a1ng th\u1ee9c thanh to\u00e1n nh\u01b0 chuy\u1ec3n kho\u1ea3n ng\u00e2n h\u00e0ng, v\u00ed \u0111i\u1ec7n t\u1eed, v\u00e0 ti\u1ec1n \u0111i\u1ec7n t\u1eed.<\/li>\n\n\n\n<li><strong>Khuy\u1ebfn m\u00e3i h\u1ea5p d\u1eabn:<\/strong> Ch\u01b0\u01a1ng tr\u00ecnh \u0111a d\u1ea1ng nh\u01b0 ch\u00e0o m\u1eebng th\u00e0nh vi\u00ean m\u1edbi, n\u1ea1p l\u1ea1i h\u00e0ng ng\u00e0y, \u01b0u \u0111\u00e3i VIP, v\u00e0 ho\u00e0n tr\u1ea3 c\u01b0\u1ee3c thua.<\/li>\n<\/ul>\n\n\n\n<h2 class=\"wp-block-heading\">C\u00e1c s\u1ea3n ph\u1ea9m \u0111\u01b0\u1ee3c y\u00eau th\u00edch<\/h2>\n\n\n\n<ol class=\"wp-block-list\">\n<li><strong>C\u00e1 c\u01b0\u1ee3c th\u1ec3 thao<\/strong>: 3 s\u1ea3nh ch\u01a1i l\u1edbn (CMD368, Maxbet Saba, BK8) v\u1edbi k\u00e8o c\u01b0\u1ee3c \u0111a d\u1ea1ng t\u1eeb b\u00f3ng \u0111\u00e1, b\u00f3ng r\u1ed5 \u0111\u1ebfn c\u1ea7u l\u00f4ng.<\/li>\n\n\n\n<li><strong>Casino<\/strong>: 12 s\u1ea3nh s\u00f2ng b\u00e0i t\u1eeb c\u00e1c nh\u00e0 cung c\u1ea5p h\u00e0ng \u0111\u1ea7u nh\u01b0 Evolution, AE, Pragmatic Play, v\u1edbi c\u00e1c tr\u00f2 Baccarat, Roulette, v\u00e0 Blackjack.<\/li>\n\n\n\n<li><strong>N\u1ed5 h\u0169<\/strong>: H\u01a1n 20 nh\u00e0 ph\u00e1t h\u00e0nh l\u1edbn nh\u01b0 Pragmatic Play, Red Tiger, Microgaming, cung c\u1ea5p c\u01a1 h\u1ed9i gi\u00e0nh jackpot kh\u1ee7ng.<\/li>\n\n\n\n<li><strong>Tr\u00f2 ch\u01a1i 3D<\/strong>: C\u00e1c tr\u00f2 nh\u01b0 T\u00e0i x\u1ec9u, B\u1ea7u cua, R\u1ed3ng h\u1ed5 v\u1edbi \u0111\u1ed3 h\u1ecda s\u1ed1ng \u0111\u1ed9ng, hi\u1ec7n \u0111\u1ea1i.<\/li>\n\n\n\n<li><strong>X\u1ed5 s\u1ed1<\/strong>: 3 s\u1ea3nh ch\u01a1i l\u1edbn (QQKeno, GamePlay, Win Win Lottery) v\u1edbi c\u00e1c lo\u1ea1i x\u1ed5 s\u1ed1 mi\u1ec1n B\u1eafc, mi\u1ec1n Nam v\u00e0 qu\u1ed1c t\u1ebf.<\/li>\n<\/ol>\n\n\n\n<h3 class=\"wp-block-heading\">H\u01b0\u1edbng d\u1eabn \u0111\u0103ng k\u00fd t\u00e0i kho\u1ea3n<\/h3>\n\n\n\n<ol class=\"wp-block-list\">\n<li>Truy c\u1eadp link v\u00e0o BK8 v\u00e0 ch\u1ecdn <strong>Tham gia ngay<\/strong>.<\/li>\n\n\n\n<li>\u0110i\u1ec1n th\u00f4ng tin \u0111\u0103ng nh\u1eadp, email, s\u1ed1 \u0111i\u1ec7n tho\u1ea1i v\u00e0 c\u00e1c th\u00f4ng tin c\u00e1 nh\u00e2n c\u1ea7n thi\u1ebft.<\/li>\n\n\n\n<li>X\u00e1c nh\u1eadn v\u00e0 ho\u00e0n t\u1ea5t \u0111\u0103ng k\u00fd \u0111\u1ec3 b\u1eaft \u0111\u1ea7u tr\u1ea3i nghi\u1ec7m.<\/li>\n<\/ol>\n\n\n\n<h3 class=\"wp-block-heading\">C\u00e1c \u01b0u \u0111\u00e3i n\u1ed5i b\u1eadt<\/h3>\n\n\n\n<ul class=\"wp-block-list\">\n<li><strong>Ch\u00e0o m\u1eebng th\u00e0nh vi\u00ean m\u1edbi<\/strong>: T\u1eb7ng 200%, t\u1ed1i \u0111a 40,000 VND cho ng\u01b0\u1eddi ch\u01a1i m\u1edbi (\u00e1p d\u1ee5ng cho 1,000 th\u00e0nh vi\u00ean \u0111\u1ea7u ti\u00ean m\u1ed7i th\u00e1ng).<\/li>\n\n\n\n<li><strong>N\u1ea1p l\u1ea1i h\u00e0ng ng\u00e0y<\/strong>: Ho\u00e0n tr\u1ea3 25%, t\u1ed1i \u0111a 2688 VND, \u00e1p d\u1ee5ng h\u00e0ng ng\u00e0y.<\/li>\n\n\n\n<li><strong>\u01afu \u0111\u00e3i VIP<\/strong>: Ho\u00e0n tr\u1ea3 v\u00e0 \u0111\u1eb7c quy\u1ec1n th\u0103ng c\u1ea5p h\u1ea5p d\u1eabn, v\u1edbi 5 c\u1ea5p \u0111\u1ed9 VIP t\u1eeb \u0110\u1ed3ng \u0111\u1ebfn Kim C\u01b0\u01a1ng.<\/li>\n\n\n\n<li><strong>Gi\u1edbi thi\u1ec7u b\u1ea1n b\u00e8<\/strong>: Nh\u1eadn qu\u00e0 t\u1eb7ng \u0111\u1eb7c bi\u1ec7t v\u00e0 c\u01a1 h\u1ed9i b\u1ed1c th\u0103m tr\u00fang th\u01b0\u1edfng xe Mercedes E300.<\/li>\n\n\n\n<li><strong>B\u1ea3o hi\u1ec3m c\u01b0\u1ee3c thua<\/strong>: Ho\u00e0n tr\u1ea3 \u0111\u1ebfn 100% cho s\u00f2ng b\u00e0i, 50% cho sport v\u00e0 80% cho esport, t\u1ed1i \u0111a 888 VND.<\/li>\n<\/ul>\n\n\n\n<h3 class=\"wp-block-heading\">K\u1ebft lu\u1eadn<\/h3>\n\n\n\n<p>BK8 x\u1ee9ng \u0111\u00e1ng l\u00e0 <a href=\"https:\/\/www.bettingtop10.com\/vi\/\">nh\u00e0 c\u00e1i uy t\u00edn nh\u1ea5t<\/a> hi\u1ec7n nay v\u1edbi h\u1ec7 th\u1ed1ng s\u1ea3n ph\u1ea9m phong ph\u00fa, d\u1ecbch v\u1ee5 chuy\u00ean nghi\u1ec7p, v\u00e0 c\u00e1c \u01b0u \u0111\u00e3i h\u1ea5p d\u1eabn. H\u00e3y tham gia ngay \u0111\u1ec3 tr\u1ea3i nghi\u1ec7m nh\u1eefng gi\u00e2y ph\u00fat gi\u1ea3i tr\u00ed \u0111\u1ec9nh cao v\u00e0 c\u01a1 h\u1ed9i nh\u1eadn th\u01b0\u1edfng l\u1edbn!<\/p>\n\n\n\n<p><\/p>\n","protected":false},"excerpt":{"rendered":"<p>LINK V\u00c0O BK8 BK8 \u2b50\u2b50\u2b50\u2b50\u2b50 \u01afu \u0111i\u1ec3m: Nh\u01b0\u1ee3c \u0111i\u1ec3m: BK8 l\u00e0 nh\u00e0 c\u00e1i uy t\u00edn nh\u1ea5t hi\u1ec7n nay v\u1edbi th\u01b0\u01a1ng hi\u1ec7u n\u1ed5i ti\u1ebfng trong l\u0129nh v\u1ef1c c\u00e1 c\u01b0\u1ee3c h\u1ee3p ph\u00e1p. D\u00f9 m\u1edbi xu\u1ea5t hi\u1ec7n t\u1ea1i Vi\u1ec7t Nam, BK8 \u0111\u00e3 thu h\u00fat h\u00e0ng tr\u0103m ngh\u00ecn th\u00e0nh vi\u00ean nh\u1edd s\u1ef1 \u0111\u1ea7u t\u01b0 b\u00e0i b\u1ea3n, mang l\u1ea1i tr\u1ea3i&hellip;&nbsp;<a href=\"https:\/\/www.bettingtop10.com\/vi\/bk8\/\" rel=\"bookmark\">Read More &raquo;<span class=\"screen-reader-text\">BK8: Link V\u00e0o Trang Nh\u00e0 C\u00e1i BK8 M\u1edbi Nh\u1ea5t Cho Ng\u01b0\u1eddi Ch\u01a1i<\/span><\/a><\/p>\n","protected":false},"author":5,"featured_media":0,"parent":0,"menu_order":0,"comment_status":"closed","ping_status":"closed","template":"","meta":{"inline_featured_image":false,"_lmt_disableupdate":"","_lmt_disable":"","neve_meta_sidebar":"","neve_meta_container":"","neve_meta_enable_content_width":"","neve_meta_content_width":0,"neve_meta_title_alignment":"","neve_meta_author_avatar":"","neve_post_elements_order":"","neve_meta_disable_header":"","neve_meta_disable_footer":"","neve_meta_disable_title":"","neve_meta_reading_time":"","footnotes":""},"class_list":["post-874","page","type-page","status-publish","hentry"],"yoast_head":"<!-- This site is optimized with the Yoast SEO plugin v27.2 - https:\/\/yoast.com\/product\/yoast-seo-wordpress\/ -->\n<title>BK8: Link V\u00e0o Trang Nh\u00e0 C\u00e1i BK8 M\u1edbi Nh\u1ea5t Cho Ng\u01b0\u1eddi Ch\u01a1i<\/title>\n<meta name=\"description\" content=\"BK8 l\u00e0 trang nh\u00e0 c\u00e1i tr\u1ef1c tuy\u1ebfn h\u00e0ng \u0111\u1ea7u ch\u00e2u \u00c1 v\u00e0 Vi\u1ec7t Nam. Xem ngay \u0111\u00e1nh gi\u00e1 chi ti\u1ebft m\u1edbi nh\u1ea5t v\u1ec1 BK8, c\u1eadp nh\u1eadt link v\u00e0o nh\u00e0 c\u00e1i m\u1edbi nh\u1ea5t h\u00f4m nay.\" \/>\n<meta name=\"robots\" content=\"index, follow, max-snippet:-1, max-image-preview:large, max-video-preview:-1\" \/>\n<link rel=\"canonical\" href=\"https:\/\/www.bettingtop10.com\/vi\/bk8\/\" \/>\n<meta property=\"og:locale\" content=\"vi_VN\" \/>\n<meta property=\"og:type\" content=\"article\" \/>\n<meta property=\"og:title\" content=\"BK8: Link V\u00e0o Trang Nh\u00e0 C\u00e1i BK8 M\u1edbi Nh\u1ea5t Cho Ng\u01b0\u1eddi Ch\u01a1i\" \/>\n<meta property=\"og:description\" content=\"BK8 l\u00e0 trang nh\u00e0 c\u00e1i tr\u1ef1c tuy\u1ebfn h\u00e0ng \u0111\u1ea7u ch\u00e2u \u00c1 v\u00e0 Vi\u1ec7t Nam. Xem ngay \u0111\u00e1nh gi\u00e1 chi ti\u1ebft m\u1edbi nh\u1ea5t v\u1ec1 BK8, c\u1eadp nh\u1eadt link v\u00e0o nh\u00e0 c\u00e1i m\u1edbi nh\u1ea5t h\u00f4m nay.\" \/>\n<meta property=\"og:url\" content=\"https:\/\/www.bettingtop10.com\/vi\/bk8\/\" \/>\n<meta property=\"og:site_name\" content=\"Betting Top 10 Vi\u1ec7t Nam\" \/>\n<meta property=\"article:publisher\" content=\"https:\/\/www.facebook.com\/bettingtop10vn\" \/>\n<meta property=\"article:modified_time\" content=\"2025-10-16T06:56:20+00:00\" \/>\n<meta property=\"og:image\" content=\"https:\/\/www.bettingtop10.com\/vi\/wp-content\/uploads\/2025\/03\/BK8-150x150-1.png\" \/>\n\t<meta property=\"og:image:width\" content=\"150\" \/>\n\t<meta property=\"og:image:height\" content=\"150\" \/>\n\t<meta property=\"og:image:type\" content=\"image\/png\" \/>\n<meta name=\"twitter:card\" content=\"summary_large_image\" \/>\n<meta name=\"twitter:site\" content=\"@Bt10Vn\" \/>\n<meta name=\"twitter:label1\" content=\"\u01af\u1edbc t\u00ednh th\u1eddi gian \u0111\u1ecdc\" \/>\n\t<meta name=\"twitter:data1\" content=\"4 ph\u00fat\" \/>\n<script type=\"application\/ld+json\" class=\"yoast-schema-graph\">{\"@context\":\"https:\/\/schema.org\",\"@graph\":[{\"@type\":\"WebPage\",\"@id\":\"https:\/\/www.bettingtop10.com\/vi\/bk8\/\",\"url\":\"https:\/\/www.bettingtop10.com\/vi\/bk8\/\",\"name\":\"BK8: Link V\u00e0o Trang Nh\u00e0 C\u00e1i BK8 M\u1edbi Nh\u1ea5t Cho Ng\u01b0\u1eddi Ch\u01a1i\",\"isPartOf\":{\"@id\":\"https:\/\/www.bettingtop10.com\/vi\/#website\"},\"primaryImageOfPage\":{\"@id\":\"https:\/\/www.bettingtop10.com\/vi\/bk8\/#primaryimage\"},\"image\":{\"@id\":\"https:\/\/www.bettingtop10.com\/vi\/bk8\/#primaryimage\"},\"thumbnailUrl\":\"https:\/\/www.bettingtop10.com\/vi\/wp-content\/uploads\/2025\/03\/BK8-150x150-1.png\",\"datePublished\":\"2020-05-31T03:00:00+00:00\",\"dateModified\":\"2025-10-16T06:56:20+00:00\",\"description\":\"BK8 l\u00e0 trang nh\u00e0 c\u00e1i tr\u1ef1c tuy\u1ebfn h\u00e0ng \u0111\u1ea7u ch\u00e2u \u00c1 v\u00e0 Vi\u1ec7t Nam. Xem ngay \u0111\u00e1nh gi\u00e1 chi ti\u1ebft m\u1edbi nh\u1ea5t v\u1ec1 BK8, c\u1eadp nh\u1eadt link v\u00e0o nh\u00e0 c\u00e1i m\u1edbi nh\u1ea5t h\u00f4m nay.\",\"breadcrumb\":{\"@id\":\"https:\/\/www.bettingtop10.com\/vi\/bk8\/#breadcrumb\"},\"inLanguage\":\"vi\",\"potentialAction\":[{\"@type\":\"ReadAction\",\"target\":[\"https:\/\/www.bettingtop10.com\/vi\/bk8\/\"]}]},{\"@type\":\"ImageObject\",\"inLanguage\":\"vi\",\"@id\":\"https:\/\/www.bettingtop10.com\/vi\/bk8\/#primaryimage\",\"url\":\"https:\/\/www.bettingtop10.com\/vi\/wp-content\/uploads\/2025\/03\/BK8-150x150-1.png\",\"contentUrl\":\"https:\/\/www.bettingtop10.com\/vi\/wp-content\/uploads\/2025\/03\/BK8-150x150-1.png\",\"width\":150,\"height\":150},{\"@type\":\"BreadcrumbList\",\"@id\":\"https:\/\/www.bettingtop10.com\/vi\/bk8\/#breadcrumb\",\"itemListElement\":[{\"@type\":\"ListItem\",\"position\":1,\"name\":\"Home\",\"item\":\"https:\/\/www.bettingtop10.com\/vi\/\"},{\"@type\":\"ListItem\",\"position\":2,\"name\":\"BK8: Link V\u00e0o Trang Nh\u00e0 C\u00e1i BK8 M\u1edbi Nh\u1ea5t Cho Ng\u01b0\u1eddi Ch\u01a1i\"}]},{\"@type\":\"WebSite\",\"@id\":\"https:\/\/www.bettingtop10.com\/vi\/#website\",\"url\":\"https:\/\/www.bettingtop10.com\/vi\/\",\"name\":\"Betting Top 10 Vi\u1ec7t Nam\",\"description\":\"Top 10 Nh\u00e0 C\u00e1i Uy T\u00edn Nh\u1ea5t Vi\u1ec7t Nam\",\"publisher\":{\"@id\":\"https:\/\/www.bettingtop10.com\/vi\/#organization\"},\"alternateName\":\"BettingTop10\",\"potentialAction\":[{\"@type\":\"SearchAction\",\"target\":{\"@type\":\"EntryPoint\",\"urlTemplate\":\"https:\/\/www.bettingtop10.com\/vi\/?s={search_term_string}\"},\"query-input\":{\"@type\":\"PropertyValueSpecification\",\"valueRequired\":true,\"valueName\":\"search_term_string\"}}],\"inLanguage\":\"vi\"},{\"@type\":\"Organization\",\"@id\":\"https:\/\/www.bettingtop10.com\/vi\/#organization\",\"name\":\"Betting Top 10 Vi\u1ec7t Nam\",\"alternateName\":\"BettingTop10 Vi\u1ec7t Nam\",\"url\":\"https:\/\/www.bettingtop10.com\/vi\/\",\"logo\":{\"@type\":\"ImageObject\",\"inLanguage\":\"vi\",\"@id\":\"https:\/\/www.bettingtop10.com\/vi\/#\/schema\/logo\/image\/\",\"url\":\"https:\/\/www.bettingtop10.com\/vi\/wp-content\/uploads\/2024\/03\/nha-cai-uy-tin-bettingtop10.png\",\"contentUrl\":\"https:\/\/www.bettingtop10.com\/vi\/wp-content\/uploads\/2024\/03\/nha-cai-uy-tin-bettingtop10.png\",\"width\":205,\"height\":25,\"caption\":\"Betting Top 10 Vi\u1ec7t Nam\"},\"image\":{\"@id\":\"https:\/\/www.bettingtop10.com\/vi\/#\/schema\/logo\/image\/\"},\"sameAs\":[\"https:\/\/www.facebook.com\/bettingtop10vn\",\"https:\/\/x.com\/Bt10Vn\",\"https:\/\/www.tiktok.com\/@bt10.vietnam\"]}]}<\/script>\n<!-- \/ Yoast SEO plugin. -->","yoast_head_json":{"title":"BK8: Link V\u00e0o Trang Nh\u00e0 C\u00e1i BK8 M\u1edbi Nh\u1ea5t Cho Ng\u01b0\u1eddi Ch\u01a1i","description":"BK8 l\u00e0 trang nh\u00e0 c\u00e1i tr\u1ef1c tuy\u1ebfn h\u00e0ng \u0111\u1ea7u ch\u00e2u \u00c1 v\u00e0 Vi\u1ec7t Nam. Xem ngay \u0111\u00e1nh gi\u00e1 chi ti\u1ebft m\u1edbi nh\u1ea5t v\u1ec1 BK8, c\u1eadp nh\u1eadt link v\u00e0o nh\u00e0 c\u00e1i m\u1edbi nh\u1ea5t h\u00f4m nay.","robots":{"index":"index","follow":"follow","max-snippet":"max-snippet:-1","max-image-preview":"max-image-preview:large","max-video-preview":"max-video-preview:-1"},"canonical":"https:\/\/www.bettingtop10.com\/vi\/bk8\/","og_locale":"vi_VN","og_type":"article","og_title":"BK8: Link V\u00e0o Trang Nh\u00e0 C\u00e1i BK8 M\u1edbi Nh\u1ea5t Cho Ng\u01b0\u1eddi Ch\u01a1i","og_description":"BK8 l\u00e0 trang nh\u00e0 c\u00e1i tr\u1ef1c tuy\u1ebfn h\u00e0ng \u0111\u1ea7u ch\u00e2u \u00c1 v\u00e0 Vi\u1ec7t Nam. Xem ngay \u0111\u00e1nh gi\u00e1 chi ti\u1ebft m\u1edbi nh\u1ea5t v\u1ec1 BK8, c\u1eadp nh\u1eadt link v\u00e0o nh\u00e0 c\u00e1i m\u1edbi nh\u1ea5t h\u00f4m nay.","og_url":"https:\/\/www.bettingtop10.com\/vi\/bk8\/","og_site_name":"Betting Top 10 Vi\u1ec7t Nam","article_publisher":"https:\/\/www.facebook.com\/bettingtop10vn","article_modified_time":"2025-10-16T06:56:20+00:00","og_image":[{"width":150,"height":150,"url":"https:\/\/www.bettingtop10.com\/vi\/wp-content\/uploads\/2025\/03\/BK8-150x150-1.png","type":"image\/png"}],"twitter_card":"summary_large_image","twitter_site":"@Bt10Vn","twitter_misc":{"\u01af\u1edbc t\u00ednh th\u1eddi gian \u0111\u1ecdc":"4 ph\u00fat"},"schema":{"@context":"https:\/\/schema.org","@graph":[{"@type":"WebPage","@id":"https:\/\/www.bettingtop10.com\/vi\/bk8\/","url":"https:\/\/www.bettingtop10.com\/vi\/bk8\/","name":"BK8: Link V\u00e0o Trang Nh\u00e0 C\u00e1i BK8 M\u1edbi Nh\u1ea5t Cho Ng\u01b0\u1eddi Ch\u01a1i","isPartOf":{"@id":"https:\/\/www.bettingtop10.com\/vi\/#website"},"primaryImageOfPage":{"@id":"https:\/\/www.bettingtop10.com\/vi\/bk8\/#primaryimage"},"image":{"@id":"https:\/\/www.bettingtop10.com\/vi\/bk8\/#primaryimage"},"thumbnailUrl":"https:\/\/www.bettingtop10.com\/vi\/wp-content\/uploads\/2025\/03\/BK8-150x150-1.png","datePublished":"2020-05-31T03:00:00+00:00","dateModified":"2025-10-16T06:56:20+00:00","description":"BK8 l\u00e0 trang nh\u00e0 c\u00e1i tr\u1ef1c tuy\u1ebfn h\u00e0ng \u0111\u1ea7u ch\u00e2u \u00c1 v\u00e0 Vi\u1ec7t Nam. Xem ngay \u0111\u00e1nh gi\u00e1 chi ti\u1ebft m\u1edbi nh\u1ea5t v\u1ec1 BK8, c\u1eadp nh\u1eadt link v\u00e0o nh\u00e0 c\u00e1i m\u1edbi nh\u1ea5t h\u00f4m nay.","breadcrumb":{"@id":"https:\/\/www.bettingtop10.com\/vi\/bk8\/#breadcrumb"},"inLanguage":"vi","potentialAction":[{"@type":"ReadAction","target":["https:\/\/www.bettingtop10.com\/vi\/bk8\/"]}]},{"@type":"ImageObject","inLanguage":"vi","@id":"https:\/\/www.bettingtop10.com\/vi\/bk8\/#primaryimage","url":"https:\/\/www.bettingtop10.com\/vi\/wp-content\/uploads\/2025\/03\/BK8-150x150-1.png","contentUrl":"https:\/\/www.bettingtop10.com\/vi\/wp-content\/uploads\/2025\/03\/BK8-150x150-1.png","width":150,"height":150},{"@type":"BreadcrumbList","@id":"https:\/\/www.bettingtop10.com\/vi\/bk8\/#breadcrumb","itemListElement":[{"@type":"ListItem","position":1,"name":"Home","item":"https:\/\/www.bettingtop10.com\/vi\/"},{"@type":"ListItem","position":2,"name":"BK8: Link V\u00e0o Trang Nh\u00e0 C\u00e1i BK8 M\u1edbi Nh\u1ea5t Cho Ng\u01b0\u1eddi Ch\u01a1i"}]},{"@type":"WebSite","@id":"https:\/\/www.bettingtop10.com\/vi\/#website","url":"https:\/\/www.bettingtop10.com\/vi\/","name":"Betting Top 10 Vi\u1ec7t Nam","description":"Top 10 Nh\u00e0 C\u00e1i Uy T\u00edn Nh\u1ea5t Vi\u1ec7t Nam","publisher":{"@id":"https:\/\/www.bettingtop10.com\/vi\/#organization"},"alternateName":"BettingTop10","potentialAction":[{"@type":"SearchAction","target":{"@type":"EntryPoint","urlTemplate":"https:\/\/www.bettingtop10.com\/vi\/?s={search_term_string}"},"query-input":{"@type":"PropertyValueSpecification","valueRequired":true,"valueName":"search_term_string"}}],"inLanguage":"vi"},{"@type":"Organization","@id":"https:\/\/www.bettingtop10.com\/vi\/#organization","name":"Betting Top 10 Vi\u1ec7t Nam","alternateName":"BettingTop10 Vi\u1ec7t Nam","url":"https:\/\/www.bettingtop10.com\/vi\/","logo":{"@type":"ImageObject","inLanguage":"vi","@id":"https:\/\/www.bettingtop10.com\/vi\/#\/schema\/logo\/image\/","url":"https:\/\/www.bettingtop10.com\/vi\/wp-content\/uploads\/2024\/03\/nha-cai-uy-tin-bettingtop10.png","contentUrl":"https:\/\/www.bettingtop10.com\/vi\/wp-content\/uploads\/2024\/03\/nha-cai-uy-tin-bettingtop10.png","width":205,"height":25,"caption":"Betting Top 10 Vi\u1ec7t Nam"},"image":{"@id":"https:\/\/www.bettingtop10.com\/vi\/#\/schema\/logo\/image\/"},"sameAs":["https:\/\/www.facebook.com\/bettingtop10vn","https:\/\/x.com\/Bt10Vn","https:\/\/www.tiktok.com\/@bt10.vietnam"]}]}},"amp_enabled":true,"_links":{"self":[{"href":"https:\/\/www.bettingtop10.com\/vi\/wp-json\/wp\/v2\/pages\/874","targetHints":{"allow":["GET"]}}],"collection":[{"href":"https:\/\/www.bettingtop10.com\/vi\/wp-json\/wp\/v2\/pages"}],"about":[{"href":"https:\/\/www.bettingtop10.com\/vi\/wp-json\/wp\/v2\/types\/page"}],"author":[{"embeddable":true,"href":"https:\/\/www.bettingtop10.com\/vi\/wp-json\/wp\/v2\/users\/5"}],"replies":[{"embeddable":true,"href":"https:\/\/www.bettingtop10.com\/vi\/wp-json\/wp\/v2\/comments?post=874"}],"version-history":[{"count":24,"href":"https:\/\/www.bettingtop10.com\/vi\/wp-json\/wp\/v2\/pages\/874\/revisions"}],"predecessor-version":[{"id":3241,"href":"https:\/\/www.bettingtop10.com\/vi\/wp-json\/wp\/v2\/pages\/874\/revisions\/3241"}],"wp:attachment":[{"href":"https:\/\/www.bettingtop10.com\/vi\/wp-json\/wp\/v2\/media?parent=874"}],"curies":[{"name":"wp","href":"https:\/\/api.w.org\/{rel}","templated":true}]}}