{"id":519,"date":"2022-07-24T07:54:00","date_gmt":"2022-07-24T07:54:00","guid":{"rendered":"https:\/\/www.bettingtop10.com\/vi\/?page_id=519"},"modified":"2025-07-06T14:50:38","modified_gmt":"2025-07-06T07:50:38","slug":"dieu-khoan-dieu-kien","status":"publish","type":"page","link":"https:\/\/www.bettingtop10.com\/vi\/dieu-khoan-dieu-kien\/","title":{"rendered":"\u0110i\u1ec1u kho\u1ea3n &amp; \u0110i\u1ec1u ki\u1ec7n"},"content":{"rendered":"\n<p>Xin c\u1ea3m \u01a1n b\u1ea1n \u0111\u00e3 gh\u00e9 th\u0103m website Bettingtop10vn.com c\u1ee7a ch\u00fang t\u00f4i. Khi truy c\u1eadp v\u00e0o trang web n\u00e0y v\u00e0 s\u1eed d\u1ee5ng c\u00e1c d\u1ecbch v\u1ee5 m\u00e0 ch\u00fang t\u00f4i \u0111ang cung c\u1ea5p, \u0111\u1ed3ng ngh\u0129a v\u1edbi vi\u1ec7c b\u1ea1n \u0111\u00e3 \u0111\u1ed3ng \u00fd ch\u1ea5p thu\u1eadn nh\u1eefng \u0111i\u1ec1u kho\u1ea3n &amp; ch\u00ednh s\u00e1ch m\u00e0 ch\u00fang t\u00f4i \u0111\u00e3 quy \u0111\u1ecbnh trong m\u1ee5c n\u00e0y. Ch\u1ee7 s\u1edf h\u1eefu, ho\u1eb7c \u0111\u1ea1i di\u1ec7n thay m\u1eb7t cho Ch\u1ee7 s\u1edf h\u1eefu, c\u00f3 th\u1ec3 c\u1eadp nh\u1eadt ho\u1eb7c s\u1eeda \u0111\u1ed5i \u0110i\u1ec1u kho\u1ea3n b\u1ea5t k\u1ef3 l\u00fac n\u00e0o m\u00e0 kh\u00f4ng c\u1ea7n th\u00f4ng b\u00e1o tr\u01b0\u1edbc. B\u1ea1n n\u00ean ch\u1ee7 \u0111\u1ed9ng truy c\u1eadp trang n\u00e0y \u0111\u1ec3 theo d\u00f5i c\u00e1c thay \u0111\u1ed5i. V\u00e0 trong tr\u01b0\u1eddng h\u1ee3p kh\u00f4ng \u0111\u1ed3ng \u00fd v\u1edbi b\u1ea5t c\u1ee9 \u0111i\u1ec1u kho\u1ea3n n\u00e0o th\u00ec b\u1ea1n n\u00ean ng\u1eebng vi\u1ec7c truy c\u1eadp.<\/p>\n\n\n\n<h2 class=\"wp-block-heading\">1. Quy\u1ec1n s\u1edf h\u1eefu tr\u00ed tu\u1ec7<\/h2>\n\n\n\n<p>Bettingtop10vn.com l\u00e0 m\u1ed9t trang ho\u1ea1t \u0111\u1ed9ng ho\u00e0n to\u00e0n \u0111\u1ed9c l\u1eadp v\u00e0 ho\u00e0n to\u00e0n kh\u00f4ng ch\u1ecbu s\u1ef1 \u1ea3nh h\u01b0\u1edfng c\u1ee7a b\u1ea5t c\u1ee9 m\u1ed9t b\u00ean th\u1ee9 ba n\u00e0o. V\u00ec v\u1eady, to\u00e0n b\u1ed9 th\u00f4ng tin \u2013 d\u1ecbch v\u1ee5 \u2013 s\u1ea3n ph\u1ea9m m\u00e0 ch\u00fang t\u00f4i cung c\u1ea5p \u0111\u1ec1u \u0111\u01b0\u1ee3c xem s\u1edf h\u1eefu \u0111\u1ed9c quy\u1ec1n. Ngo\u00e0i nh\u1eefng ch\u1eebng m\u1ef1c \u0111\u01b0\u1ee3c cho ph\u00e9p theo lu\u1eadt b\u1ea3n quy\u1ec1n c\u00f3 li\u00ean quan, b\u1ea1n s\u1ebd kh\u00f4ng \u0111\u01b0\u1ee3c ph\u00e9p sao ch\u00e9p, ch\u1ec9nh s\u1eeda, s\u1eed d\u1ee5ng, l\u01b0u tr\u1eef ho\u1eb7c xu\u1ea5t b\u1ea3n v\u1edbi m\u1ee5c \u0111\u00edch l\u1ee3i \u00edch c\u00e1 nh\u00e2n khi ch\u01b0a \u0111\u01b0\u1ee3c ch\u00fang t\u00f4i ch\u1ea5p thu\u1eadn b\u1eb1ng v\u0103n b\u1ea3n.<\/p>\n\n\n\n<h2 class=\"wp-block-heading\">2. \u0110\u1ed1i t\u01b0\u1ee3ng s\u1eed d\u1ee5ng<\/h2>\n\n\n\n<p>Website \u0111\u01b0\u1ee3c t\u1ea1o ra v\u1edbi m\u1ee5c \u0111\u00edch h\u1ed7 tr\u1ee3 cho nh\u1eefng ng\u01b0\u1eddi \u0111am m\u00ea ki\u1ebfm ti\u1ec1n t\u1ea1i c\u00e1c s\u00f2ng casino tr\u1ef1c tuy\u1ebfn. Trang web n\u00e0y ch\u1ec9 ph\u00f9 h\u1ee3p cho kh\u00e1ch h\u00e0ng \u0111\u1ee7 \u0111i\u1ec1u ki\u1ec7n \u0111\u1eb7t c\u01b0\u1ee3c v\u00e0 ph\u1ea3i \u0111\u1ee7 18 tu\u1ed5i, n\u1ebfu b\u1ea1n ch\u01b0a \u0111\u1ee7 18 tu\u1ed5i th\u00ec xin h\u00e3y t\u1eaft website n\u00e0y ngay l\u1eadp t\u1ee9c. Ch\u00fang t\u00f4i kh\u00f4ng khuy\u1ebfn kh\u00edch nh\u1eefng \u0111\u1ed1i t\u01b0\u1ee3ng ng\u01b0\u1eddi xem d\u01b0\u1edbi 18 tu\u1ed5i ho\u1eb7c kh\u00f4ng \u0111\u1ee7 kh\u1ea3 n\u0103ng \u0111\u1ec3 ch\u1ecbu tr\u00e1ch nhi\u1ec7m h\u00e0nh vi d\u00e2n s\u1ef1 c\u1ee7a m\u00ecnh. M\u1ecdi h\u00e0nh vi c\u1ed1 t\u00ecnh truy c\u1eadp khi ch\u01b0a \u0111\u1ee7 \u0111i\u1ec1u ki\u1ec7n tham gia, ch\u00fang t\u00f4i s\u1ebd ho\u00e0n to\u00e0n kh\u00f4ng ch\u1ecbu tr\u00e1ch nhi\u1ec7m.<\/p>\n\n\n\n<h2 class=\"wp-block-heading\">3. B\u1ea3o m\u1eadt th\u00f4ng tin<\/h2>\n\n\n\n<p>Trang web c\u1ee7a ch\u00fang t\u00f4i coi tr\u1ecdng vi\u1ec7c b\u1ea3o m\u1eadt th\u00f4ng tin v\u00e0 s\u1eed d\u1ee5ng c\u00e1c bi\u1ec7n ph\u00e1p t\u1ed1t nh\u1ea5t b\u1ea3o v\u1ec7 th\u00f4ng tin. Ch\u00fang t\u00f4i cam k\u1ebft m\u1ecdi th\u00f4ng tin c\u00e1 nh\u00e2n, d\u1eef li\u1ec7u truy c\u1eadp c\u1ee7a kh\u00e1ch h\u00e0ng s\u1ebd \u0111\u1ec1u \u0111\u01b0\u1ee3c b\u1ea3o m\u1eadt v\u00e0 tuy\u1ec7t \u0111\u1ed1i kh\u00f4ng cung c\u1ea5p cho b\u1ea5t c\u1ee9 m\u1ed9t b\u00ean th\u1ee9 ba n\u00e0o. Qu\u00fd kh\u00e1ch kh\u00f4ng \u0111\u01b0\u1ee3c s\u1eed d\u1ee5ng b\u1ea5t k\u1ef3 ch\u01b0\u01a1ng tr\u00ecnh, c\u00f4ng c\u1ee5 hay h\u00ecnh th\u1ee9c n\u00e0o kh\u00e1c \u0111\u1ec3 can thi\u1ec7p v\u00e0o h\u1ec7 th\u1ed1ng hay l\u00e0m thay \u0111\u1ed5i c\u1ea5u tr\u00fac d\u1eef li\u1ec7u. Trang web c\u0169ng nghi\u00eam c\u1ea5m vi\u1ec7c ph\u00e1t t\u00e1n, truy\u1ec1n b\u00e1 hay c\u1ed5 v\u0169 cho b\u1ea5t k\u1ef3 ho\u1ea1t \u0111\u1ed9ng n\u00e0o nh\u1eb1m can thi\u1ec7p, ph\u00e1 ho\u1ea1i hay x\u00e2m nh\u1eadp v\u00e0o d\u1eef li\u1ec7u c\u1ee7a h\u1ec7 th\u1ed1ng.<\/p>\n\n\n\n<h2 class=\"wp-block-heading\">4. B\u00ean th\u1ee9 ba<\/h2>\n\n\n\n<p>Website n\u00e0y ch\u1ee9a li\u00ean k\u1ebft \u0111\u1ebfn c\u00e1c trang web b\u00ean th\u1ee9 ba, trong \u0111\u00f3 bao g\u1ed3m c\u00e1c trang web cung c\u1ea5p d\u1ecbch v\u1ee5 c\u1edd b\u1ea1c. Ch\u00fang t\u00f4i kh\u00f4ng ki\u1ec3m so\u00e1t c\u00e1c trang web c\u1ee7a b\u00ean th\u1ee9 ba v\u00e0 kh\u00f4ng ch\u1ecbu tr\u00e1ch nhi\u1ec7m ho\u1eb7c ngh\u0129a v\u1ee5 ph\u00e1p l\u00fd \u0111\u1ed1i v\u1edbi b\u1ea5t k\u1ef3 n\u1ed9i dung, s\u1ea3n ph\u1ea9m ho\u1eb7c d\u1ecbch v\u1ee5 kh\u00e1c c\u00f3 s\u1eb5n t\u1eeb c\u00e1c trang web c\u1ee7a b\u00ean th\u1ee9 ba n\u00e0y. B\u1eb1ng c\u00e1ch truy c\u1eadp b\u1ea5t k\u1ef3 trang web c\u1ee7a b\u00ean th\u1ee9 ba n\u00e0o, b\u1ea1n \u0111\u1ed3ng \u00fd r\u1eb1ng b\u1ea1n s\u1ebd ph\u1ea3i tu\u00e2n theo t\u1ea5t c\u1ea3 c\u00e1c quy t\u1eafc v\u00e0 \u0111i\u1ec1u kho\u1ea3n s\u1eed d\u1ee5ng c\u1ee7a trang web \u0111\u00f3 v\u00e0 b\u1ea1n kh\u00f4ng th\u1ec3 b\u1eaft bu\u1ed9c ch\u00fang t\u00f4i ch\u1ecbu tr\u00e1ch nhi\u1ec7m v\u1ec1 b\u1ea5t k\u1ef3 thi\u1ec7t h\u1ea1i ho\u1eb7c m\u1ea5t m\u00e1t n\u00e0o do trang web c\u1ee7a b\u00ean th\u1ee9 ba ho\u1eb7c trong qu\u00e1 tr\u00ecnh s\u1eed d\u1ee5ng d\u1ecbch v\u1ee5 c\u1ee7a h\u1ecd.<\/p>\n\n\n\n<h2 class=\"wp-block-heading\">5. Ngh\u0129a v\u1ee5 v\u00e0 h\u00e0nh vi<\/h2>\n\n\n\n<p>V\u1edbi t\u01b0 c\u00e1ch l\u00e0 Ng\u01b0\u1eddi d\u00f9ng, b\u1ea1n c\u00f3 tr\u00e1ch nhi\u1ec7m ki\u1ec3m tra c\u00e1c \u0110i\u1ec1u ki\u1ec7n v\u00e0 \u0111i\u1ec1u kho\u1ea3n s\u1eed d\u1ee5ng li\u00ean quan \u0111\u1ebfn b\u1ea5t k\u1ef3 trang web c\u1ee7a b\u00ean th\u1ee9 ba n\u00e0o. B\u1ea1n c\u00f3 tr\u00e1ch nhi\u1ec7m ki\u1ec3m tra lu\u1eadt hi\u1ec7n h\u00e0nh trong khu v\u1ef1c c\u1ee7a m\u00ecnh tr\u01b0\u1edbc khi s\u1eed d\u1ee5ng c\u00e1c d\u1ecbch v\u1ee5 c\u1ee7a b\u1ea5t k\u1ef3 trang web b\u00ean th\u1ee9 ba n\u00e0o \u0111\u01b0\u1ee3c li\u00ean k\u1ebft tr\u00ean Caoviet.net B\u1ea1n kh\u00f4ng \u0111\u01b0\u1ee3c sao ch\u00e9p, nh\u00e2n b\u1ea3n, bu\u00f4n b\u00e1n ho\u1eb7c th\u01b0\u01a1ng m\u1ea1i h\u00f3a b\u1ea5t k\u1ef3 n\u1ed9i dung n\u00e0o tr\u00ean Website c\u1ee7a ch\u00fang t\u00f4i d\u01b0\u1edbi b\u1ea5t k\u1ef3 h\u00ecnh th\u1ee9c n\u00e0o.<\/p>\n\n\n\n<h2 class=\"wp-block-heading\">6. Ph\u1ea3n h\u1ed3i th\u00f4ng tin<\/h2>\n\n\n\n<p>N\u1ebfu b\u1ea1n tin r\u1eb1ng b\u1ea5t k\u1ef3 th\u00f4ng tin ho\u1eb7c n\u1ed9i dung n\u00e0o \u0111\u01b0\u1ee3c cung c\u1ea5p tr\u00ean Website c\u00f3 th\u1ec3 kh\u00f4ng ch\u00ednh x\u00e1c ho\u1eb7c vi ph\u1ea1m b\u1ea3n quy\u1ec1n, b\u1ea1n c\u00f3 th\u1ec3 th\u00f4ng b\u00e1o cho ch\u00fang t\u00f4i \u1edf m\u1ee5c Li\u00ean h\u1ec7. N\u1ebfu b\u1ea1n c\u00f3 b\u1ea5t k\u1ef3 c\u00e2u h\u1ecfi n\u00e0o li\u00ean quan \u0111\u1ebfn c\u00e1c \u0110i\u1ec1u ki\u1ec7n &amp; \u0110i\u1ec1u kho\u1ea3n n\u00e0y, b\u1ea1n c\u00f3 th\u1ec3 li\u00ean h\u1ec7 v\u1edbi ch\u00fang t\u00f4i \u1edf m\u1ee5c Li\u00ean h\u1ec7. To\u00e0n b\u1ed9 \u0110i\u1ec1u ki\u1ec7n &amp; \u0111i\u1ec1u kho\u1ea3n tr\u00ean trang web n\u00e0y \u0111\u1ec1u \u0111\u01b0\u1ee3c th\u1ec3 hi\u1ec7n b\u1eb1ng ti\u1ebfng Vi\u1ec7t, n\u1ebfu c\u00f3 b\u1ea5t k\u1ef3 phi\u00ean b\u1ea3n b\u1eb1ng ng\u00f4n ng\u1eef n\u00e0o kh\u00e1c th\u00ec phi\u00ean b\u1ea3n ti\u1ebfng Vi\u1ec7t s\u1ebd \u0111\u01b0\u1ee3c xem l\u00e0 c\u00f3 th\u1ea9m quy\u1ec1n cao nh\u1ea5t.<\/p>\n\n\n\n<h2 class=\"wp-block-heading\">Gi\u1edbi thi\u1ec7u:<\/h2>\n\n\n\n<figure class=\"wp-block-embed is-type-wp-embed is-provider-betting-top-10-vi-t-nam wp-block-embed-betting-top-10-vi-t-nam\"><div class=\"wp-block-embed__wrapper\">\n<blockquote class=\"wp-embedded-content\" data-secret=\"1NauXmVzxR\"><a href=\"https:\/\/www.bettingtop10.com\/vi\/gioi-thieu\/\">Gi\u1edbi thi\u1ec7u v\u1ec1 Bettingtop10vn.com Vi\u1ec7t Nam<\/a><\/blockquote><iframe class=\"wp-embedded-content\" sandbox=\"allow-scripts\" security=\"restricted\" style=\"position: absolute; visibility: hidden;\" title=\"&#8220;Gi\u1edbi thi\u1ec7u v\u1ec1 Bettingtop10vn.com Vi\u1ec7t Nam&#8221; &#8212; Betting Top 10 Vi\u1ec7t Nam\" src=\"https:\/\/www.bettingtop10.com\/vi\/gioi-thieu\/embed\/#?secret=PjFgBbzcj4#?secret=1NauXmVzxR\" data-secret=\"1NauXmVzxR\" width=\"600\" height=\"338\" frameborder=\"0\" marginwidth=\"0\" marginheight=\"0\" scrolling=\"no\"><\/iframe>\n<\/div><\/figure>\n\n\n\n<h2 class=\"wp-block-heading\">Li\u00ean h\u1ec7:<\/h2>\n\n\n\n<figure class=\"wp-block-embed is-type-wp-embed is-provider-betting-top-10-vi-t-nam wp-block-embed-betting-top-10-vi-t-nam\"><div class=\"wp-block-embed__wrapper\">\n<blockquote class=\"wp-embedded-content\" data-secret=\"ZijFYDGQAx\"><a href=\"https:\/\/www.bettingtop10.com\/vi\/lien-he\/\">Li\u00ean h\u1ec7<\/a><\/blockquote><iframe class=\"wp-embedded-content\" sandbox=\"allow-scripts\" security=\"restricted\" style=\"position: absolute; visibility: hidden;\" title=\"&#8220;Li\u00ean h\u1ec7&#8221; &#8212; Betting Top 10 Vi\u1ec7t Nam\" src=\"https:\/\/www.bettingtop10.com\/vi\/lien-he\/embed\/#?secret=BhNl4WcuFv#?secret=ZijFYDGQAx\" data-secret=\"ZijFYDGQAx\" width=\"600\" height=\"338\" frameborder=\"0\" marginwidth=\"0\" marginheight=\"0\" scrolling=\"no\"><\/iframe>\n<\/div><\/figure>\n\n\n\n<h2 class=\"wp-block-heading\">Ch\u00ednh s\u00e1ch b\u1ea3o m\u1eadt:<\/h2>\n\n\n\n<figure class=\"wp-block-embed is-type-wp-embed is-provider-betting-top-10-vi-t-nam wp-block-embed-betting-top-10-vi-t-nam\"><div class=\"wp-block-embed__wrapper\">\n<blockquote class=\"wp-embedded-content\" data-secret=\"9cYF3qQGwy\"><a href=\"https:\/\/www.bettingtop10.com\/vi\/chinh-sach-bao-mat\/\">Ch\u00ednh s\u00e1ch b\u1ea3o m\u1eadt<\/a><\/blockquote><iframe class=\"wp-embedded-content\" sandbox=\"allow-scripts\" security=\"restricted\" style=\"position: absolute; visibility: hidden;\" title=\"&#8220;Ch\u00ednh s\u00e1ch b\u1ea3o m\u1eadt&#8221; &#8212; Betting Top 10 Vi\u1ec7t Nam\" src=\"https:\/\/www.bettingtop10.com\/vi\/chinh-sach-bao-mat\/embed\/#?secret=5PvJzvOZ4j#?secret=9cYF3qQGwy\" data-secret=\"9cYF3qQGwy\" width=\"600\" height=\"338\" frameborder=\"0\" marginwidth=\"0\" marginheight=\"0\" scrolling=\"no\"><\/iframe>\n<\/div><\/figure>\n","protected":false},"excerpt":{"rendered":"<p>Xin c\u1ea3m \u01a1n b\u1ea1n \u0111\u00e3 gh\u00e9 th\u0103m website Bettingtop10vn.com c\u1ee7a ch\u00fang t\u00f4i. Khi truy c\u1eadp v\u00e0o trang web n\u00e0y v\u00e0 s\u1eed d\u1ee5ng c\u00e1c d\u1ecbch v\u1ee5 m\u00e0 ch\u00fang t\u00f4i \u0111ang cung c\u1ea5p, \u0111\u1ed3ng ngh\u0129a v\u1edbi vi\u1ec7c b\u1ea1n \u0111\u00e3 \u0111\u1ed3ng \u00fd ch\u1ea5p thu\u1eadn nh\u1eefng \u0111i\u1ec1u kho\u1ea3n &amp; ch\u00ednh s\u00e1ch m\u00e0 ch\u00fang t\u00f4i \u0111\u00e3 quy \u0111\u1ecbnh trong m\u1ee5c&hellip;&nbsp;<a href=\"https:\/\/www.bettingtop10.com\/vi\/dieu-khoan-dieu-kien\/\" rel=\"bookmark\">Read More &raquo;<span class=\"screen-reader-text\">\u0110i\u1ec1u kho\u1ea3n &amp; \u0110i\u1ec1u ki\u1ec7n<\/span><\/a><\/p>\n","protected":false},"author":5,"featured_media":0,"parent":0,"menu_order":0,"comment_status":"closed","ping_status":"closed","template":"","meta":{"inline_featured_image":false,"_lmt_disableupdate":"","_lmt_disable":"","neve_meta_sidebar":"","neve_meta_container":"","neve_meta_enable_content_width":"","neve_meta_content_width":0,"neve_meta_title_alignment":"","neve_meta_author_avatar":"","neve_post_elements_order":"","neve_meta_disable_header":"","neve_meta_disable_footer":"","neve_meta_disable_title":"","neve_meta_reading_time":"","footnotes":""},"class_list":["post-519","page","type-page","status-publish","hentry"],"yoast_head":"<!-- This site is optimized with the Yoast SEO plugin v27.2 - https:\/\/yoast.com\/product\/yoast-seo-wordpress\/ -->\n<title>\u0110i\u1ec1u kho\u1ea3n &amp; \u0110i\u1ec1u ki\u1ec7n - BettingTop10 Vi\u1ec7t Nam<\/title>\n<meta name=\"robots\" content=\"index, follow, max-snippet:-1, max-image-preview:large, max-video-preview:-1\" \/>\n<link rel=\"canonical\" href=\"https:\/\/www.bettingtop10.com\/vi\/dieu-khoan-dieu-kien\/\" \/>\n<meta property=\"og:locale\" content=\"vi_VN\" \/>\n<meta property=\"og:type\" content=\"article\" \/>\n<meta property=\"og:title\" content=\"\u0110i\u1ec1u kho\u1ea3n &amp; \u0110i\u1ec1u ki\u1ec7n - BettingTop10 Vi\u1ec7t Nam\" \/>\n<meta property=\"og:description\" content=\"Xin c\u1ea3m \u01a1n b\u1ea1n \u0111\u00e3 gh\u00e9 th\u0103m website Bettingtop10vn.com c\u1ee7a ch\u00fang t\u00f4i. Khi truy c\u1eadp v\u00e0o trang web n\u00e0y v\u00e0 s\u1eed d\u1ee5ng c\u00e1c d\u1ecbch v\u1ee5 m\u00e0 ch\u00fang t\u00f4i \u0111ang cung c\u1ea5p, \u0111\u1ed3ng ngh\u0129a v\u1edbi vi\u1ec7c b\u1ea1n \u0111\u00e3 \u0111\u1ed3ng \u00fd ch\u1ea5p thu\u1eadn nh\u1eefng \u0111i\u1ec1u kho\u1ea3n &amp; ch\u00ednh s\u00e1ch m\u00e0 ch\u00fang t\u00f4i \u0111\u00e3 quy \u0111\u1ecbnh trong m\u1ee5c&hellip;&nbsp;Read More &raquo;\u0110i\u1ec1u kho\u1ea3n &amp; \u0110i\u1ec1u ki\u1ec7n\" \/>\n<meta property=\"og:url\" content=\"https:\/\/www.bettingtop10.com\/vi\/dieu-khoan-dieu-kien\/\" \/>\n<meta property=\"og:site_name\" content=\"Betting Top 10 Vi\u1ec7t Nam\" \/>\n<meta property=\"article:publisher\" content=\"https:\/\/www.facebook.com\/bettingtop10vn\" \/>\n<meta property=\"article:modified_time\" content=\"2025-07-06T07:50:38+00:00\" \/>\n<meta property=\"og:image\" content=\"https:\/\/www.bettingtop10.com\/vi\/wp-content\/uploads\/2024\/03\/nha-cai-uy-tin-bettingtop10.png\" \/>\n\t<meta property=\"og:image:width\" content=\"205\" \/>\n\t<meta property=\"og:image:height\" content=\"25\" \/>\n\t<meta property=\"og:image:type\" content=\"image\/png\" \/>\n<meta name=\"twitter:card\" content=\"summary_large_image\" \/>\n<meta name=\"twitter:site\" content=\"@Bt10Vn\" \/>\n<meta name=\"twitter:label1\" content=\"\u01af\u1edbc t\u00ednh th\u1eddi gian \u0111\u1ecdc\" \/>\n\t<meta name=\"twitter:data1\" content=\"5 ph\u00fat\" \/>\n<script type=\"application\/ld+json\" class=\"yoast-schema-graph\">{\"@context\":\"https:\/\/schema.org\",\"@graph\":[{\"@type\":\"WebPage\",\"@id\":\"https:\/\/www.bettingtop10.com\/vi\/dieu-khoan-dieu-kien\/\",\"url\":\"https:\/\/www.bettingtop10.com\/vi\/dieu-khoan-dieu-kien\/\",\"name\":\"\u0110i\u1ec1u kho\u1ea3n & \u0110i\u1ec1u ki\u1ec7n - BettingTop10 Vi\u1ec7t Nam\",\"isPartOf\":{\"@id\":\"https:\/\/www.bettingtop10.com\/vi\/#website\"},\"datePublished\":\"2022-07-24T07:54:00+00:00\",\"dateModified\":\"2025-07-06T07:50:38+00:00\",\"breadcrumb\":{\"@id\":\"https:\/\/www.bettingtop10.com\/vi\/dieu-khoan-dieu-kien\/#breadcrumb\"},\"inLanguage\":\"vi\",\"potentialAction\":[{\"@type\":\"ReadAction\",\"target\":[\"https:\/\/www.bettingtop10.com\/vi\/dieu-khoan-dieu-kien\/\"]}]},{\"@type\":\"BreadcrumbList\",\"@id\":\"https:\/\/www.bettingtop10.com\/vi\/dieu-khoan-dieu-kien\/#breadcrumb\",\"itemListElement\":[{\"@type\":\"ListItem\",\"position\":1,\"name\":\"Home\",\"item\":\"https:\/\/www.bettingtop10.com\/vi\/\"},{\"@type\":\"ListItem\",\"position\":2,\"name\":\"\u0110i\u1ec1u kho\u1ea3n &amp; \u0110i\u1ec1u ki\u1ec7n\"}]},{\"@type\":\"WebSite\",\"@id\":\"https:\/\/www.bettingtop10.com\/vi\/#website\",\"url\":\"https:\/\/www.bettingtop10.com\/vi\/\",\"name\":\"Betting Top 10 Vi\u1ec7t Nam\",\"description\":\"Top 10 Nh\u00e0 C\u00e1i Uy T\u00edn Nh\u1ea5t Vi\u1ec7t Nam\",\"publisher\":{\"@id\":\"https:\/\/www.bettingtop10.com\/vi\/#organization\"},\"alternateName\":\"BettingTop10\",\"potentialAction\":[{\"@type\":\"SearchAction\",\"target\":{\"@type\":\"EntryPoint\",\"urlTemplate\":\"https:\/\/www.bettingtop10.com\/vi\/?s={search_term_string}\"},\"query-input\":{\"@type\":\"PropertyValueSpecification\",\"valueRequired\":true,\"valueName\":\"search_term_string\"}}],\"inLanguage\":\"vi\"},{\"@type\":\"Organization\",\"@id\":\"https:\/\/www.bettingtop10.com\/vi\/#organization\",\"name\":\"Betting Top 10 Vi\u1ec7t Nam\",\"alternateName\":\"BettingTop10 Vi\u1ec7t Nam\",\"url\":\"https:\/\/www.bettingtop10.com\/vi\/\",\"logo\":{\"@type\":\"ImageObject\",\"inLanguage\":\"vi\",\"@id\":\"https:\/\/www.bettingtop10.com\/vi\/#\/schema\/logo\/image\/\",\"url\":\"https:\/\/www.bettingtop10.com\/vi\/wp-content\/uploads\/2024\/03\/nha-cai-uy-tin-bettingtop10.png\",\"contentUrl\":\"https:\/\/www.bettingtop10.com\/vi\/wp-content\/uploads\/2024\/03\/nha-cai-uy-tin-bettingtop10.png\",\"width\":205,\"height\":25,\"caption\":\"Betting Top 10 Vi\u1ec7t Nam\"},\"image\":{\"@id\":\"https:\/\/www.bettingtop10.com\/vi\/#\/schema\/logo\/image\/\"},\"sameAs\":[\"https:\/\/www.facebook.com\/bettingtop10vn\",\"https:\/\/x.com\/Bt10Vn\",\"https:\/\/www.tiktok.com\/@bt10.vietnam\"]}]}<\/script>\n<!-- \/ Yoast SEO plugin. -->","yoast_head_json":{"title":"\u0110i\u1ec1u kho\u1ea3n & \u0110i\u1ec1u ki\u1ec7n - BettingTop10 Vi\u1ec7t Nam","robots":{"index":"index","follow":"follow","max-snippet":"max-snippet:-1","max-image-preview":"max-image-preview:large","max-video-preview":"max-video-preview:-1"},"canonical":"https:\/\/www.bettingtop10.com\/vi\/dieu-khoan-dieu-kien\/","og_locale":"vi_VN","og_type":"article","og_title":"\u0110i\u1ec1u kho\u1ea3n & \u0110i\u1ec1u ki\u1ec7n - BettingTop10 Vi\u1ec7t Nam","og_description":"Xin c\u1ea3m \u01a1n b\u1ea1n \u0111\u00e3 gh\u00e9 th\u0103m website Bettingtop10vn.com c\u1ee7a ch\u00fang t\u00f4i. Khi truy c\u1eadp v\u00e0o trang web n\u00e0y v\u00e0 s\u1eed d\u1ee5ng c\u00e1c d\u1ecbch v\u1ee5 m\u00e0 ch\u00fang t\u00f4i \u0111ang cung c\u1ea5p, \u0111\u1ed3ng ngh\u0129a v\u1edbi vi\u1ec7c b\u1ea1n \u0111\u00e3 \u0111\u1ed3ng \u00fd ch\u1ea5p thu\u1eadn nh\u1eefng \u0111i\u1ec1u kho\u1ea3n &amp; ch\u00ednh s\u00e1ch m\u00e0 ch\u00fang t\u00f4i \u0111\u00e3 quy \u0111\u1ecbnh trong m\u1ee5c&hellip;&nbsp;Read More &raquo;\u0110i\u1ec1u kho\u1ea3n &amp; \u0110i\u1ec1u ki\u1ec7n","og_url":"https:\/\/www.bettingtop10.com\/vi\/dieu-khoan-dieu-kien\/","og_site_name":"Betting Top 10 Vi\u1ec7t Nam","article_publisher":"https:\/\/www.facebook.com\/bettingtop10vn","article_modified_time":"2025-07-06T07:50:38+00:00","og_image":[{"width":205,"height":25,"url":"https:\/\/www.bettingtop10.com\/vi\/wp-content\/uploads\/2024\/03\/nha-cai-uy-tin-bettingtop10.png","type":"image\/png"}],"twitter_card":"summary_large_image","twitter_site":"@Bt10Vn","twitter_misc":{"\u01af\u1edbc t\u00ednh th\u1eddi gian \u0111\u1ecdc":"5 ph\u00fat"},"schema":{"@context":"https:\/\/schema.org","@graph":[{"@type":"WebPage","@id":"https:\/\/www.bettingtop10.com\/vi\/dieu-khoan-dieu-kien\/","url":"https:\/\/www.bettingtop10.com\/vi\/dieu-khoan-dieu-kien\/","name":"\u0110i\u1ec1u kho\u1ea3n & \u0110i\u1ec1u ki\u1ec7n - BettingTop10 Vi\u1ec7t Nam","isPartOf":{"@id":"https:\/\/www.bettingtop10.com\/vi\/#website"},"datePublished":"2022-07-24T07:54:00+00:00","dateModified":"2025-07-06T07:50:38+00:00","breadcrumb":{"@id":"https:\/\/www.bettingtop10.com\/vi\/dieu-khoan-dieu-kien\/#breadcrumb"},"inLanguage":"vi","potentialAction":[{"@type":"ReadAction","target":["https:\/\/www.bettingtop10.com\/vi\/dieu-khoan-dieu-kien\/"]}]},{"@type":"BreadcrumbList","@id":"https:\/\/www.bettingtop10.com\/vi\/dieu-khoan-dieu-kien\/#breadcrumb","itemListElement":[{"@type":"ListItem","position":1,"name":"Home","item":"https:\/\/www.bettingtop10.com\/vi\/"},{"@type":"ListItem","position":2,"name":"\u0110i\u1ec1u kho\u1ea3n &amp; \u0110i\u1ec1u ki\u1ec7n"}]},{"@type":"WebSite","@id":"https:\/\/www.bettingtop10.com\/vi\/#website","url":"https:\/\/www.bettingtop10.com\/vi\/","name":"Betting Top 10 Vi\u1ec7t Nam","description":"Top 10 Nh\u00e0 C\u00e1i Uy T\u00edn Nh\u1ea5t Vi\u1ec7t Nam","publisher":{"@id":"https:\/\/www.bettingtop10.com\/vi\/#organization"},"alternateName":"BettingTop10","potentialAction":[{"@type":"SearchAction","target":{"@type":"EntryPoint","urlTemplate":"https:\/\/www.bettingtop10.com\/vi\/?s={search_term_string}"},"query-input":{"@type":"PropertyValueSpecification","valueRequired":true,"valueName":"search_term_string"}}],"inLanguage":"vi"},{"@type":"Organization","@id":"https:\/\/www.bettingtop10.com\/vi\/#organization","name":"Betting Top 10 Vi\u1ec7t Nam","alternateName":"BettingTop10 Vi\u1ec7t Nam","url":"https:\/\/www.bettingtop10.com\/vi\/","logo":{"@type":"ImageObject","inLanguage":"vi","@id":"https:\/\/www.bettingtop10.com\/vi\/#\/schema\/logo\/image\/","url":"https:\/\/www.bettingtop10.com\/vi\/wp-content\/uploads\/2024\/03\/nha-cai-uy-tin-bettingtop10.png","contentUrl":"https:\/\/www.bettingtop10.com\/vi\/wp-content\/uploads\/2024\/03\/nha-cai-uy-tin-bettingtop10.png","width":205,"height":25,"caption":"Betting Top 10 Vi\u1ec7t Nam"},"image":{"@id":"https:\/\/www.bettingtop10.com\/vi\/#\/schema\/logo\/image\/"},"sameAs":["https:\/\/www.facebook.com\/bettingtop10vn","https:\/\/x.com\/Bt10Vn","https:\/\/www.tiktok.com\/@bt10.vietnam"]}]}},"amp_enabled":true,"_links":{"self":[{"href":"https:\/\/www.bettingtop10.com\/vi\/wp-json\/wp\/v2\/pages\/519","targetHints":{"allow":["GET"]}}],"collection":[{"href":"https:\/\/www.bettingtop10.com\/vi\/wp-json\/wp\/v2\/pages"}],"about":[{"href":"https:\/\/www.bettingtop10.com\/vi\/wp-json\/wp\/v2\/types\/page"}],"author":[{"embeddable":true,"href":"https:\/\/www.bettingtop10.com\/vi\/wp-json\/wp\/v2\/users\/5"}],"replies":[{"embeddable":true,"href":"https:\/\/www.bettingtop10.com\/vi\/wp-json\/wp\/v2\/comments?post=519"}],"version-history":[{"count":8,"href":"https:\/\/www.bettingtop10.com\/vi\/wp-json\/wp\/v2\/pages\/519\/revisions"}],"predecessor-version":[{"id":1855,"href":"https:\/\/www.bettingtop10.com\/vi\/wp-json\/wp\/v2\/pages\/519\/revisions\/1855"}],"wp:attachment":[{"href":"https:\/\/www.bettingtop10.com\/vi\/wp-json\/wp\/v2\/media?parent=519"}],"curies":[{"name":"wp","href":"https:\/\/api.w.org\/{rel}","templated":true}]}}